{"id":22,"date":"2026-02-10T16:57:23","date_gmt":"2026-02-10T16:57:23","guid":{"rendered":"http:\/\/silenceproductions.fr\/?page_id=22"},"modified":"2026-02-10T17:32:11","modified_gmt":"2026-02-10T17:32:11","slug":"silence-productions","status":"publish","type":"page","link":"https:\/\/silenceproductions.fr\/","title":{"rendered":"Silence Productions"},"content":{"rendered":"\n<p>Silence Productions est une soci\u00e9t\u00e9 de production de films, de musiques de films et de concerts fond\u00e9e en 2026. <\/p>\n\n\n\n<br>\n","protected":false},"excerpt":{"rendered":"<p>Silence Productions est une soci\u00e9t\u00e9 de production de films, de musiques de films et de concerts fond\u00e9e en 2026.<\/p>\n","protected":false},"author":1,"featured_media":0,"parent":0,"menu_order":0,"comment_status":"closed","ping_status":"closed","template":"","meta":{"footnotes":""},"class_list":["post-22","page","type-page","status-publish","hentry"],"_links":{"self":[{"href":"https:\/\/silenceproductions.fr\/index.php\/wp-json\/wp\/v2\/pages\/22","targetHints":{"allow":["GET"]}}],"collection":[{"href":"https:\/\/silenceproductions.fr\/index.php\/wp-json\/wp\/v2\/pages"}],"about":[{"href":"https:\/\/silenceproductions.fr\/index.php\/wp-json\/wp\/v2\/types\/page"}],"author":[{"embeddable":true,"href":"https:\/\/silenceproductions.fr\/index.php\/wp-json\/wp\/v2\/users\/1"}],"replies":[{"embeddable":true,"href":"https:\/\/silenceproductions.fr\/index.php\/wp-json\/wp\/v2\/comments?post=22"}],"version-history":[{"count":3,"href":"https:\/\/silenceproductions.fr\/index.php\/wp-json\/wp\/v2\/pages\/22\/revisions"}],"predecessor-version":[{"id":29,"href":"https:\/\/silenceproductions.fr\/index.php\/wp-json\/wp\/v2\/pages\/22\/revisions\/29"}],"wp:attachment":[{"href":"https:\/\/silenceproductions.fr\/index.php\/wp-json\/wp\/v2\/media?parent=22"}],"curies":[{"name":"wp","href":"https:\/\/api.w.org\/{rel}","templated":true}]}}